{"id":25766,"date":"2018-05-06T21:46:35","date_gmt":"2018-05-07T00:46:35","guid":{"rendered":"http:\/\/www.almargenweb.com.ar\/web\/?page_id=25766"},"modified":"2024-02-10T14:13:19","modified_gmt":"2024-02-10T17:13:19","slug":"horarios-de-colectivos","status":"publish","type":"page","link":"https:\/\/www.almargenweb.com.ar\/web\/horarios-de-colectivos\/","title":{"rendered":"Horarios de colectivos"},"content":{"rendered":"\n<p>Terminal de \u00f3mnibus: <a href=\"https:\/\/maps.app.goo.gl\/gdmVuYUvwiVAFoWR9\" data-type=\"link\" data-id=\"https:\/\/maps.app.goo.gl\/gdmVuYUvwiVAFoWR9\" target=\"_blank\" rel=\"noreferrer noopener\">G\u00fcemes 1477<\/a><\/p>\n\n\n\n<h3 class=\"wp-block-heading\">Boleter\u00edas<\/h3>\n\n\n\n<ul class=\"wp-block-list\">\n<li>Fecha Bus \u2013 Ruta 70 y El Norte: <a href=\"tel:03496427733\" data-type=\"tel\" data-id=\"tel:03496427733\" target=\"_blank\" rel=\"noreferrer noopener\">(03496) 427733<\/a><\/li>\n\n\n\n<li>Franck: <a href=\"tel:03424580677\" data-type=\"tel\" data-id=\"tel:03424580677\" target=\"_blank\" rel=\"noreferrer noopener\">(0342) 4580677<\/a><\/li>\n\n\n\n<li>El Pulqui: <a href=\"tel:03424580677\" data-type=\"tel\" data-id=\"tel:03424580677\" target=\"_blank\" rel=\"noreferrer noopener\">(03496) 15555321<\/a><\/li>\n<\/ul>\n\n\n\n<h6 class=\"wp-block-heading\"><em>Los horarios con la leyenda \u00abde lunes a lunes\u00bb salen todos los d\u00edas, incluyendo domingos y feriados.<br>(Los horarios de colectivos pueden ser modificados sin previo aviso por cada empresa)<\/em><\/h6>\n\n\n\n<div id=\"wp-block-themeisle-blocks-accordion-29720fec\" class=\"wp-block-themeisle-blocks-accordion exclusive\">\n<details class=\"wp-block-themeisle-blocks-accordion-item\"><summary class=\"wp-block-themeisle-blocks-accordion-item__title\"><div>Esperanza -> Santa Fe<\/div><\/summary><div class=\"wp-block-themeisle-blocks-accordion-item__content\">\n<figure class=\"wp-block-table colectivos table table-striped\"><table><tbody><tr><th>Horario<\/th><th>Empresa<\/th><th>D\u00edas<\/th><\/tr><tr><td>06:00<\/td><td>Ruta 70<\/td><td>Lunes a Lunes<\/td><\/tr><tr><td>06:00<\/td><td>NECE<\/td><td>Lunes a Viernes<\/td><\/tr><tr><td>06:15<\/td><td>Franck<\/td><td>Lunes a Lunes<\/td><\/tr><tr><td>06:30<\/td><td>NECE<\/td><td>Lunes a Viernes<\/td><\/tr><tr><td>07:30<\/td><td>NECE<\/td><td>Lunes a Viernes<\/td><\/tr><tr><td>08:10<\/td><td>Ruta 70<\/td><td>Lunes a S\u00e1bados<\/td><\/tr><tr><td>08:15<\/td><td>Ruta 70<\/td><td>Lunes a Lunes<\/td><\/tr><tr><td>09:00<\/td><td>NECE<\/td><td>Lunes a Viernes<\/td><\/tr><tr><td>10:10<\/td><td>Ruta 70<\/td><td>Lunes a Lunes<\/td><\/tr><tr><td>11:10<\/td><td>Ruta 70<\/td><td>Lunes a Lunes<\/td><\/tr><tr><td>11:55<\/td><td>NECE<\/td><td>Lunes a S\u00e1bados<\/td><\/tr><tr><td>12:25<\/td><td>Ruta 70<\/td><td>Lunes a Lunes<\/td><\/tr><tr><td>13:00<\/td><td>NECE<\/td><td>Domingos a Viernes<\/td><\/tr><tr><td>13:30<\/td><td>Franck<\/td><td>Lunes a S\u00e1bados<\/td><\/tr><tr><td>13:40<\/td><td>Ruta 70<\/td><td>Lunes a Lunes<\/td><\/tr><tr><td>14:40<\/td><td>Ruta 70<\/td><td>Lunes a Lunes<\/td><\/tr><tr><td>15:00<\/td><td>NECE<\/td><td>Lunes a Viernes<\/td><\/tr><tr><td>16:00<\/td><td>NECE Expreso<\/td><td>Lunes a Lunes<\/td><\/tr><tr><td>16:20<\/td><td>Ruta 70<\/td><td>Lunes a Lunes<\/td><\/tr><tr><td>17:00<\/td><td>NECE<\/td><td>Lunes a Lunes<\/td><\/tr><tr><td>17:40<\/td><td>Ruta 70<\/td><td>Lunes a Lunes<\/td><\/tr><tr><td>18:00<\/td><td>Franck<\/td><td>Domingos y Feriados<\/td><\/tr><tr><td>18:45<\/td><td>NECE<\/td><td>Lunes a Lunes<\/td><\/tr><tr><td>19:10<\/td><td>Ruta 70<\/td><td>Lunes a Lunes<\/td><\/tr><tr><td>20:25<\/td><td>NECE<\/td><td>S\u00e1bados y Domingos<\/td><\/tr><tr><td>20:30<\/td><td>Ruta 70<\/td><td>Lunes a Lunes<\/td><\/tr><tr><td>21:40<\/td><td>Ruta 70<\/td><td>Lunes a Lunes<\/td><\/tr><tr><td>23:00<\/td><td>Ruta 70<\/td><td>Lunes a Lunes<\/td><\/tr><\/tbody><\/table><\/figure>\n<\/div><\/details>\n\n\n\n<details class=\"wp-block-themeisle-blocks-accordion-item\"><summary class=\"wp-block-themeisle-blocks-accordion-item__title\"><div>Santa Fe -> Esperanza<\/div><\/summary><div class=\"wp-block-themeisle-blocks-accordion-item__content\">\n<figure class=\"wp-block-table colectivos table table-striped\"><table><tbody><tr><th>Horario<\/th><th>Empresa<\/th><th>D\u00edas<\/th><\/tr><tr><td>04:50<\/td><td>Ruta 70<\/td><td>Lunes a Lunes<\/td><\/tr><tr><td>06:00<\/td><td>Ruta 70<\/td><td>Lunes a Lunes<\/td><\/tr><tr><td>07:00<\/td><td>Ruta 70<\/td><td>Lunes a Lunes<\/td><\/tr><tr><td>07:30<\/td><td>NECE<\/td><td>Lunes a Viernes<\/td><\/tr><tr><td>08:30<\/td><td>Ruta 70<\/td><td>Lunes a Lunes<\/td><\/tr><tr><td>09:30<\/td><td>NECE<\/td><td>Lunes a Lunes<\/td><\/tr><tr><td>09:30<\/td><td>Franck<\/td><td>Domingos y Feriados<\/td><\/tr><tr><td>10:00<\/td><td>Ruta 70<\/td><td>Lunes a Lunes<\/td><\/tr><tr><td>10:35<\/td><td>NECE<\/td><td>Lunes a Viernes<\/td><\/tr><tr><td>11:00<\/td><td>Franck<\/td><td>Lunes a S\u00e1bados<\/td><\/tr><tr><td>11:30<\/td><td>NECE<\/td><td>Lunes a Viernes<\/td><\/tr><tr><td>12:10<\/td><td>Ruta 70<\/td><td>Lunes a S\u00e1bados<\/td><\/tr><tr><td>12:15<\/td><td>Ruta 70<\/td><td>S\u00e1bados<\/td><\/tr><tr><td>13:00<\/td><td>Ruta 70<\/td><td>Lunes a Lunes<\/td><\/tr><tr><td>13:30<\/td><td>NECE Expreso<\/td><td>Lunes a S\u00e1bados<\/td><\/tr><tr><td>14:00<\/td><td>Ruta 70<\/td><td>Lunes a Lunes<\/td><\/tr><tr><td>15:00<\/td><td>NECE<\/td><td>Domingos a Viernes<\/td><\/tr><tr><td>15:15<\/td><td>Ruta 70<\/td><td>Lunes a Lunes<\/td><\/tr><tr><td>16:30<\/td><td>Ruta 70<\/td><td>Lunes a Lunes<\/td><\/tr><tr><td>17:00<\/td><td>NECE<\/td><td>Lunes a Viernes<\/td><\/tr><tr><td>17:45<\/td><td>NECE Expreso<\/td><td>Lunes a Lunes<\/td><\/tr><tr><td>18:00<\/td><td>Ruta 70<\/td><td>Lunes a Lunes<\/td><\/tr><tr><td>18:30<\/td><td>Ruta 70<\/td><td>Lunes a Lunes<\/td><\/tr><tr><td>19:00<\/td><td>NECE<\/td><td>Lunes a Lunes<\/td><\/tr><tr><td>19:30<\/td><td>Ruta 70<\/td><td>Lunes a Lunes<\/td><\/tr><tr><td>20:00<\/td><td>Franck<\/td><td>Lunes a Lunes<\/td><\/tr><tr><td>20:30<\/td><td>NECE<\/td><td>Lunes a Lunes<\/td><\/tr><tr><td>22:00<\/td><td>NECE<\/td><td>S\u00e1bados y Domingos<\/td><\/tr><tr><td>22:10<\/td><td>Ruta 70<\/td><td>Lunes a Lunes<\/td><\/tr><\/tbody><\/table><\/figure>\n<\/div><\/details>\n\n\n\n<details class=\"wp-block-themeisle-blocks-accordion-item\"><summary class=\"wp-block-themeisle-blocks-accordion-item__title\"><div>Esperanza -> Rafaela<\/div><\/summary><div class=\"wp-block-themeisle-blocks-accordion-item__content\">\n<figure class=\"wp-block-table colectivos table table-striped\"><table><tbody><tr><th>Horario<\/th><th>Empresa<\/th><th>D\u00edas<\/th><\/tr><tr><td>05:45<\/td><td>Ruta 70<\/td><td>Lunes a Lunes<\/td><\/tr><tr><td>07:05<\/td><td>Ruta 70<\/td><td>Lunes a Lunes<\/td><\/tr><tr><td>08:00<\/td><td>Ruta 70<\/td><td>Lunes a Lunes<\/td><\/tr><tr><td>09:35<\/td><td>Ruta 70<\/td><td>Lunes a Lunes<\/td><\/tr><tr><td>11:00<\/td><td>Ruta 70<\/td><td>Lunes a Lunes<\/td><\/tr><tr><td>12:10<\/td><td>Ruta 70<\/td><td>Lunes a S\u00e1bados<\/td><\/tr><tr><td>13:20<\/td><td>Ruta 70<\/td><td>S\u00e1bados<\/td><\/tr><tr><td>14:00<\/td><td>Ruta 70<\/td><td>Lunes a Lunes<\/td><\/tr><tr><td>15:05<\/td><td>Ruta 70<\/td><td>Lunes a Lunes<\/td><\/tr><tr><td>16:20<\/td><td>Ruta 70<\/td><td>Lunes a Lunes<\/td><\/tr><tr><td>17:30<\/td><td>Ruta 70<\/td><td>Lunes a Lunes<\/td><\/tr><tr><td>19:05<\/td><td>Ruta 70<\/td><td>Lunes a Lunes<\/td><\/tr><tr><td>19:35<\/td><td>Ruta 70<\/td><td>Lunes a Lunes<\/td><\/tr><tr><td>20:35<\/td><td>Ruta 70<\/td><td>Lunes a Lunes<\/td><\/tr><tr><td>23:00<\/td><td>Ruta 70<\/td><td>Lunes a Lunes<\/td><\/tr><\/tbody><\/table><\/figure>\n<\/div><\/details>\n\n\n\n<details class=\"wp-block-themeisle-blocks-accordion-item\"><summary class=\"wp-block-themeisle-blocks-accordion-item__title\"><div>Rafaela -> Esperanza<\/div><\/summary><div class=\"wp-block-themeisle-blocks-accordion-item__content\">\n<figure class=\"wp-block-table colectivos table table-striped\"><table><tbody><tr><th>Horario<\/th><th>Empresa<\/th><th>D\u00edas<\/th><\/tr><tr><td>04:50<\/td><td>Ruta 70<\/td><td>Lunes a Lunes<\/td><\/tr><tr><td>07:00<\/td><td>Ruta 70<\/td><td>Lunes a Lunes<\/td><\/tr><tr><td>09:00<\/td><td>Ruta 70<\/td><td>Lunes a Lunes<\/td><\/tr><tr><td>09:30<\/td><td>Ruta 70<\/td><td>Lunes a Viernes<\/td><\/tr><tr><td>10:00<\/td><td>Ruta 70<\/td><td>Lunes a Lunes<\/td><\/tr><tr><td>11:15<\/td><td>Ruta 70<\/td><td>Lunes a Lunes<\/td><\/tr><tr><td>12:30<\/td><td>Ruta 70<\/td><td>Lunes a Lunes<\/td><\/tr><tr><td>13:30<\/td><td>Ruta 70<\/td><td>Lunes a Lunes<\/td><\/tr><tr><td>15:10<\/td><td>Ruta 70<\/td><td>Lunes a Lunes<\/td><\/tr><tr><td>16:30<\/td><td>Ruta 70<\/td><td>Lunes a Lunes<\/td><\/tr><tr><td>18:00<\/td><td>Ruta 70<\/td><td>Lunes a Lunes<\/td><\/tr><tr><td>19:20<\/td><td>Ruta 70<\/td><td>Lunes a Lunes<\/td><\/tr><tr><td>20:25<\/td><td>Ruta 70<\/td><td>Lunes a Lunes<\/td><\/tr><tr><td>22:00<\/td><td>Ruta 70<\/td><td>Lunes a Lunes<\/td><\/tr><\/tbody><\/table><\/figure>\n<\/div><\/details>\n<\/div>\n\n\n\n<h6 class=\"wp-block-heading\">Ultima actualizaci\u00f3n: Febrero 2024 &#8211; Fuente: <a href=\"https:\/\/esperanza.tur.ar\/turismo\/2020\/07\/31\/horarios-de-colectivos\/\" data-type=\"link\" data-id=\"https:\/\/esperanza.tur.ar\/turismo\/2020\/07\/31\/horarios-de-colectivos\/\" target=\"_blank\" rel=\"noreferrer noopener\">Municipalidad de Esperanza<\/a><\/h6>\n<!-- AddThis Advanced Settings generic via filter on the_content --><!-- AddThis Share Buttons generic via filter on the_content -->","protected":false},"excerpt":{"rendered":"<p>Terminal de \u00f3mnibus: G\u00fcemes 1477 Boleter\u00edas Los horarios con la leyenda \u00abde lunes a lunes\u00bb salen [&hellip;]<!-- AddThis Advanced Settings generic via filter on get_the_excerpt --><!-- AddThis Share Buttons generic via filter on get_the_excerpt --><\/p>\n","protected":false},"author":1,"featured_media":0,"parent":0,"menu_order":0,"comment_status":"closed","ping_status":"closed","template":"","meta":{"_seopress_robots_primary_cat":"","_seopress_titles_title":"","_seopress_titles_desc":"","_seopress_robots_index":"","_themeisle_gutenberg_block_has_review":false,"footnotes":""},"class_list":["post-25766","page","type-page","status-publish","hentry"],"_links":{"self":[{"href":"https:\/\/www.almargenweb.com.ar\/web\/wp-json\/wp\/v2\/pages\/25766","targetHints":{"allow":["GET"]}}],"collection":[{"href":"https:\/\/www.almargenweb.com.ar\/web\/wp-json\/wp\/v2\/pages"}],"about":[{"href":"https:\/\/www.almargenweb.com.ar\/web\/wp-json\/wp\/v2\/types\/page"}],"author":[{"embeddable":true,"href":"https:\/\/www.almargenweb.com.ar\/web\/wp-json\/wp\/v2\/users\/1"}],"replies":[{"embeddable":true,"href":"https:\/\/www.almargenweb.com.ar\/web\/wp-json\/wp\/v2\/comments?post=25766"}],"version-history":[{"count":18,"href":"https:\/\/www.almargenweb.com.ar\/web\/wp-json\/wp\/v2\/pages\/25766\/revisions"}],"predecessor-version":[{"id":41969,"href":"https:\/\/www.almargenweb.com.ar\/web\/wp-json\/wp\/v2\/pages\/25766\/revisions\/41969"}],"wp:attachment":[{"href":"https:\/\/www.almargenweb.com.ar\/web\/wp-json\/wp\/v2\/media?parent=25766"}],"curies":[{"name":"wp","href":"https:\/\/api.w.org\/{rel}","templated":true}]}}